{"id":3,"date":"2023-01-14T17:14:44","date_gmt":"2023-01-14T17:14:44","guid":{"rendered":"https:\/\/www.dachau.net\/website\/?page_id=3"},"modified":"2023-01-15T17:46:40","modified_gmt":"2023-01-15T17:46:40","slug":"privacy-policy","status":"publish","type":"page","link":"https:\/\/www.dachau.net\/website\/index.php\/sample-page\/privacy-policy\/","title":{"rendered":"Datenschutzerkl\u00e4rung"},"content":{"rendered":"<div class=\"node__content clearfix\">\n<div class=\"clearfix text-formatted field field--name-body field--type-text-with-summary field--label-hidden field__item\">\n<p><strong>Datenschutzerkl\u00e4rung <\/strong><br \/>\n<strong>f\u00fcr die Homepage des Betreibervereins B\u00fcrgernetz Dachau e.V.<\/strong><\/p>\n<p><strong>\u00a0<\/strong><\/p>\n<p><strong>Einleitung und allgemeine Angaben<\/strong><\/p>\n<p>Der Schutz Ihrer personenbezogenen Daten bei der Erhebung, Verarbeitung und Nutzung anl\u00e4sslich Ihres Besuchs auf unserer Homepage ist uns ein wichtiges Anliegen .Im Folgenden finden Sie Informationen zum Umgang mit Ihren Daten, die durch Ihre Nutzung unserer Website erfasst werden. Die Verarbeitung Ihrer Daten erfolgt entsprechend den gesetzlichen Regelungen zum Datenschutz.<\/p>\n<p>&nbsp;<\/p>\n<p><strong>Verantwortliche Stelle im Sinne des Datenschutzrechts<\/strong><\/p>\n<p>Betreiberverein B\u00fcrgernetz Dachau e.V.<br \/>\nc\/o Thomas Wagner<br \/>\nSchillerstra\u00dfe 25<br \/>\n85221 Dachau<br \/>\nTelefon: +49 (0)8131 352431<br \/>\ne-mail: bn-dachau[at]achau.net<\/p>\n<p>&nbsp;<\/p>\n<p><strong>Begriffsbestimmungen<\/strong><\/p>\n<p>Unsere Datenschutzerkl\u00e4rung soll f\u00fcr jedermann einfach und verst\u00e4ndlich sein. In dieser Datenschutzerkl\u00e4rung werden in der Regel die offiziellen Begriffe der Datenschutzgrundverordnung (DSGVO) verwendet. Die offiziellen Begriffsbestimmungen werden in Art. 4 DSGVO erl\u00e4utert.<\/p>\n<p>&nbsp;<\/p>\n<p><strong>Datenverarbeitung durch den Besuch unserer Website<\/strong><\/p>\n<p>Wenn Sie unsere Webseiten aufrufen, ist es technisch notwendig, dass \u00fcber Ihren Internetbrowser Daten an unseren Webserver \u00fcbermittelt werden. Folgende Daten werden w\u00e4hrend einer laufenden Verbindung zur Kommunikation zwischen Ihrem Internetbrowser und unserem Webserver aufgezeichnet:<\/p>\n<p>\u00b7\u00a0Datum und Uhrzeit der Anforderung<\/p>\n<p>\u00b7\u00a0Name der angeforderten Datei<\/p>\n<p>\u00b7\u00a0Seite, von der aus die Datei angefordert wurde<\/p>\n<p>\u00b7\u00a0Zugriffsstatus<\/p>\n<p>\u00b7\u00a0Verwendeter Webbrowser und verwendetes Betriebssystem<\/p>\n<p>\u00b7\u00a0(Vollst\u00e4ndige) IP-Adresse des anfordernden Rechners<\/p>\n<p>\u00b7\u00a0\u00dcbertragene Datenmenge<\/p>\n<p>Die aufgelisteten Daten erheben wir, um einen reibungslosen Verbindungsaufbau der Website zu gew\u00e4hrleisten und eine komfortable Nutzung unserer Website durch die Nutzer zu erm\u00f6glichen. Zudem dient die Logdatei der Auswertung der Systemsicherheit und -stabilit\u00e4t sowie administrativen Zwecken. Rechtsgrundlage f\u00fcr die vor\u00fcbergehende Speicherung der Daten bzw. der Logfiles ist Art. 6 Abs. 1 lit. f DSGVO.<\/p>\n<p>Aus Gr\u00fcnden der technischen Sicherheit, insbesondere zur Abwehr von Angriffsversuchen auf unseren Webserver, werden diese Daten von uns kurzzeitig gespeichert. Anhand dieser Daten ist uns ein R\u00fcckschluss auf einzelne Personen nicht m\u00f6glich. Nach sp\u00e4testens <strong>15 Tagen<\/strong>\u00a0werden die Daten durch Verk\u00fcrzung der IP-Adresse auf Domainebene anonymisiert, sodass es nicht mehr m\u00f6glich ist, einen Bezug zum einzelnen Nutzer herzustellen.<\/p>\n<p>In anonymisierter Form werden die Daten daneben ggf. zu statistischen Zwecken verarbeitet. Eine Speicherung dieser Daten zusammen mit anderen personenbezogenen Daten des Nutzers, ein Abgleich mit anderen Datenbest\u00e4nden oder eine Weitergabe an Dritte findet zu keinem Zeitpunkt statt.<\/p>\n<p>&nbsp;<\/p>\n<p><strong>Kontaktformular und Kontaktaufnahme per E-Mail<\/strong><\/p>\n<p>Wenn Sie uns per Kontaktformular oder E-Mail Anfragen zukommen lassen, werden Ihre Angaben aus dem Anfrageformular bzw. Ihrer E-Mail inklusive der von Ihnen dort angegebenen <strong>Vor- und Nachname,<\/strong>\u00a0<strong>Anrede<\/strong>\u00a0zwecks Bearbeitung der Anfrage und f\u00fcr den Fall von Anschlussfragen bei uns gespeichert. Die Angabe einer E-Mail-Adresse ist zur Kontaktangabe erforderlich, die Angabe Ihres Namens sowie Ihrer Telefonnummer ist freiwillig. Diese Daten geben wir in keinem Fall ohne Ihre Einwilligung weiter. Rechtsgrundlage f\u00fcr die Verarbeitung der Daten ist unser berechtigtes Interesse an der Beantwortung Ihres Anliegens gem\u00e4\u00df Art. 6 Abs. 1 lit. f DSGVO sowie ggf. Art. 6 Abs. 1 lit. b DSGVO, sofern Ihre Anfrage auf den Abschluss eines Vertrages oder Mitgliedschaft abzielt. Ihre Daten werden nach abschlie\u00dfender Bearbeitung Ihrer Anfrage gel\u00f6scht, sofern keine gesetzlichen Aufbewahrungspflichten entgegenstehen. Sie k\u00f6nnen im Falle von Art. 6 Abs. 1 lit. f DSGVO gegen die Verarbeitung Ihrer personenbezogenen Daten jederzeit Widerspruch einlegen.<\/p>\n<p>&nbsp;<\/p>\n<p><strong>Google Maps<\/strong><\/p>\n<p>Unsere Homepage nutzt \u00fcber eine Schnittstelle den Online-Kartendienstanbieter Google Maps. Anbieter des Kartendienstes ist Google Inc., 1600 Amphitheatre Parkway, Mountain View, CA 94043, USA. Zur Nutzung der Funktionalit\u00e4ten von Google Maps ist es notwendig, Ihre IP Adresse zu speichern. Diese Informationen werden an einen Server von Google in den USA \u00fcbertragen und dort gespeichert. Der Anbieter dieser Seite hat keinen Einfluss auf diese Daten\u00fcbertragung. Die Nutzung des Kartendienstes Google Maps erfolgt im Interesse einer ansprechenden Darstellung unseres Online-Angebots und an der einfacheren Auffindbarkeit der von uns auf der Website angef\u00fchrten Adressen. Dies stellt ein berechtigtes Interesse im Sinne von Art. 6 Abs. 1 lit. f DSGVO dar. Weitere Informationen zum Umgang mit Nutzerdaten finden Sie in der Datenschutzerkl\u00e4rung von Google: <a href=\"https:\/\/www.google.de\/intl\/de\/policies\/privacy\/\">https:\/\/www.google.de\/intl\/de\/policies\/privacy\/<\/a>.<br \/>\nOpt-out: <a href=\"https:\/\/www.google.com\/settings\/ads\/\">https:\/\/www.google.com\/settings\/ads\/<\/a><\/p>\n<p>&nbsp;<\/p>\n<p><strong>Cookies<\/strong><\/p>\n<p>Unsere Website setzt ggf. Cookies ein, die vom Browser auf Ihrem Ger\u00e4t gespeichert werden und die bestimmte Einstellungen zur Nutzung der Website enthalten (z. B. zur laufende Sitzung). Cookies dienen dazu, unser Angebot nutzerfreundlicher, effektiver und sicherer zu machen. Cookies sind kleine Textdateien, die auf Ihrem Rechner abgelegt werden und die Ihr Browser speichert. Die meisten der von uns verwendeten Cookies sind so genannte Session-Cookies, welche nach dem Schlie\u00dfen des Browsers automatisch gel\u00f6scht werden. Andere Cookies bleiben auf Ihrem Endger\u00e4t gespeichert, bis Sie diese l\u00f6schen oder die Speicherdauer abl\u00e4uft. Diese Cookies erm\u00f6glichen es uns, Ihren Browser beim n\u00e4chsten Besuch wiederzuerkennen.<\/p>\n<p>Teilweise dienen die Cookies dazu, durch Speicherung von Einstellungen Websiteprozesse zu vereinfachen (z. B. das Vorhalten bereits ausgew\u00e4hlter Optionen). Sofern durch einzelne von uns implementierte Cookies auch personenbezogene Daten verarbeitet werden, erfolgt die Verarbeitung gem\u00e4\u00df Art. 6 Abs. 1 lit. b DSGVO entweder zur Durchf\u00fchrung des Vertrages oder gem\u00e4\u00df Art. 6 Abs. 1 lit. f DSGVO zur Wahrung unserer berechtigten Interessen an der bestm\u00f6glichen Funktionalit\u00e4t der Website sowie einer kundenfreundlichen und effektiven Ausgestaltung des Seitenbesuchs. Sie k\u00f6nnen Ihren Browser so einstellen, dass Sie \u00fcber das Setzen von Cookies informiert werden und Cookies nur im Einzelfall erlauben, die Annahme von Cookies f\u00fcr bestimmte F\u00e4lle oder generell ausschlie\u00dfen sowie das automatische L\u00f6schen der Cookies beim Schlie\u00dfen des Browsers aktivieren. Die Cookie Einstellungen k\u00f6nnen unter den folgenden Links f\u00fcr die jeweiligen Browser verwaltet werden.<\/p>\n<p>\u00b7\u00a0Firefox: <a href=\"https:\/\/support.mozilla.org\/de\/kb\/cookies-erlauben-und-ablehnen\">https:\/\/support.mozilla.org\/de\/kb\/cookies-erlauben-und-ablehnen<\/a><\/p>\n<p>\u00b7\u00a0Internet Explorer: <a href=\"http:\/\/windows.microsoft.com\/de-DE\/windows-vista\/Block-or-allow-cookies\">http:\/\/windows.microsoft.com\/de-DE\/windows-vista\/Block-or-allow-cookies<\/a><\/p>\n<p>\u00b7\u00a0Chrome: <a href=\"http:\/\/support.google.com\/chrome\/bin\/answer.py?hl=de&amp;hlrm=en&amp;answer=95647\">http:\/\/support.google.com\/chrome\/bin\/answer.py?hl=de&amp;hlrm=en&amp;answer=95647<\/a><\/p>\n<p>\u00b7\u00a0Safari: <a href=\"https:\/\/support.apple.com\/kb\/ph21411?locale=de_DE\">https:\/\/support.apple.com\/kb\/ph21411?locale=de_DE<\/a><\/p>\n<p>\u00b7\u00a0Opera: <a href=\"https:\/\/www.dachau.net\/content\/DSE#cookies\">https:\/\/help.opera.com\/en\/latest\/web-preferences\/#cookies<\/a><\/p>\n<p>Sie k\u00f6nnen auch die Cookies vieler Unternehmen und Funktionen einzeln verwalten, die f\u00fcr Werbung eingesetzt werden. Verwenden Sie dazu die entsprechenden Nutzertools, abrufbar unter <a href=\"https:\/\/www.aboutads.info\/choices\/\">https:\/\/www.aboutads.info\/choices\/<\/a>\u00a0oder <a href=\"http:\/\/www.youronlinechoices.com\/uk\/your-ad-choices\">http:\/\/www.youronlinechoices.com\/uk\/your-ad-choices<\/a>\u00a0Die meisten Browser bieten zudem eine sog. \u201eDo-Not-Track-Funktion\u201c an, mit der Sie angeben k\u00f6nnen, dass Sie nicht von Websites \u201everfolgt\u201c werden m\u00f6chten. Wenn diese Funktion aktiviert ist, teilt der jeweilige Browser Werbenetzwerken, Websites und Anwendungen mit, dass Sie nicht zwecks verhaltensbasierter Werbung und \u00c4hnlichem verfolgt werden m\u00f6chten. Informationen und Anleitungen, wie Sie diese Funktion bearbeiten k\u00f6nnen, erhalten Sie je nach Anbieter Ihres Browsers, unter den nachfolgenden Links:<\/p>\n<p>\u00b7\u00a0Google Chrome: <a href=\"https:\/\/support.google.com\/chrome\/answer\/2790761?co=GENIE.Platform%3DDesktop&amp;hl=de\">https:\/\/support.google.com\/chrome\/answer\/2790761?co=GENIE.Platform%3DDesktop&amp;hl=de<\/a><\/p>\n<p>\u00b7\u00a0Mozilla Firefox: <a href=\"https:\/\/www.mozilla.org\/de\/firefox\/dnt\/\">https:\/\/www.mozilla.org\/de\/firefox\/dnt\/<\/a><\/p>\n<p>\u00b7\u00a0Internet Explorer: <a href=\"https:\/\/support.microsoft.com\/de-de\/help\/17288\/windows-internet-explorer-11-use-do-not-track\">https:\/\/support.microsoft.com\/de-de\/help\/17288\/windows-internet-explorer-11-use-do-not-track<\/a><\/p>\n<p>\u00b7\u00a0Opera: <a href=\"http:\/\/help.opera.com\/Windows\/12.10\/de\/notrack.html\">http:\/\/help.opera.com\/Windows\/12.10\/de\/notrack.html<\/a><\/p>\n<p>\u00b7\u00a0Safari: <a href=\"https:\/\/support.apple.com\/kb\/PH21416?locale=de_DE\">https:\/\/support.apple.com\/kb\/PH21416?locale=de_DE<\/a><\/p>\n<p>Zus\u00e4tzlich k\u00f6nnen Sie standardm\u00e4\u00dfig das Laden sog. Scripts verhindern. NoScript erlaubt das Ausf\u00fchren von JavaScripts, Java und anderen Plug-ins nur bei vertrauensw\u00fcrdigen Domains Ihrer Wahl. Informationen und Anleitungen, wie Sie diese Funktion bearbeiten k\u00f6nnen, erhalten Sie \u00fcber den Anbieter Ihres Browsers (z. B. f\u00fcr Mozilla Firefox unter: <a href=\"https:\/\/addons.mozilla.org\/de\/firefox\/addon\/noscript\/\">https:\/\/addons.mozilla.org\/de\/firefox\/addon\/noscript\/<\/a>). Bitte beachten Sie, dass bei der Deaktivierung von Cookies die Funktionalit\u00e4t dieser Website eingeschr\u00e4nkt sein kann.<\/p>\n<p>&nbsp;<\/p>\n<p><strong>Datenweitergabe und Empf\u00e4nger<\/strong><\/p>\n<p>Eine \u00dcbermittlung Ihrer personenbezogenen Daten an Dritte findet nicht statt, au\u00dfer<\/p>\n<p>\u00b7\u00a0wenn wir in der Beschreibung der jeweiligen Datenverarbeitung explizit darauf hingewiesen haben.<\/p>\n<p>\u00b7\u00a0wenn Sie ausdr\u00fcckliche Einwilligung nach Art. 6 Abs. 1 S. 1 lit. a DSGVO dazu erteilt haben,<\/p>\n<p>\u00b7\u00a0die Weitergabe nach Art. 6 Abs. 1 S. 1 lit. f DSGVO zur Geltendmachung, Aus\u00fcbung oder Verteidigung von Rechtsanspr\u00fcchen erforderlich ist und kein Grund zur Annahme besteht, dass Sie ein \u00fcberwiegendes schutzw\u00fcrdiges Interesse an der Nichtweitergabe Ihrer Daten haben,<\/p>\n<p>\u00b7\u00a0im Falle, dass f\u00fcr die Weitergabe nach Art. 6 Abs. 1 S. 1 lit. c DSGVO eine gesetzliche Verpflichtung besteht und<\/p>\n<p>\u00b7\u00a0soweit dies nach Art. 6 Abs. 1 S. 1 lit. b DSGVO f\u00fcr die Abwicklung von Vertragsverh\u00e4ltnissen mit Ihnen erforderlich ist.<\/p>\n<p>Wir nutzen dar\u00fcber hinaus f\u00fcr die Abwicklung unserer Services externe Dienstleister, die wir sorgf\u00e4ltig ausgew\u00e4hlt und schriftlich beauftragt haben. Sie sind an unsere Weisungen gebunden und werden von uns regelm\u00e4\u00dfig kontrolliert. Mit welchen wir erforderlichenfalls Auftragsverarbeitungsvertr\u00e4ge gem. Art. 28 DSGVO geschlossen haben. Diese sind Dienstleister f\u00fcr das Webhosting, den Versand von E-Mails sowie Wartung und Pflege unserer IT-Systemen usw. Die Dienstleister werden diese Daten nicht an Dritte weitergeben.<\/p>\n<p>&nbsp;<\/p>\n<p><strong>Datensicherheit<\/strong><\/p>\n<p>Wir treffen nach Ma\u00dfgabe des Art. 32 DSGVO unter Ber\u00fccksichtigung des Stands der Technik, der Implementierungskosten und der Art, des Umfangs, der Umst\u00e4nde und der Zwecke der Verarbeitung sowie der unterschiedlichen Eintrittswahrscheinlichkeit und Schwere des Risikos f\u00fcr die Rechte und Freiheiten nat\u00fcrlicher Personen, geeignete technische und organisatorische Ma\u00dfnahmen, um ein dem Risiko angemessenes Schutzniveau zu gew\u00e4hrleisten. Diese Webseite nutzt aus Gr\u00fcnden der Sicherheit und zum Schutz der \u00dcbertragung vertraulicher Inhalte eine SSL-Verschl\u00fcsselung. Eine verschl\u00fcsselte Verbindung erkennen Sie daran, dass in der Adresszeile des Browsers &#8222;https:\/\/&#8220; statt &#8222;http:\/\/&#8220; zu sehen ist. Wenn die SSL- bzw. TLS-Verschl\u00fcsselung aktiviert ist, k\u00f6nnen die Daten, die Sie an uns \u00fcbermitteln, nicht von Dritten mitgelesen werden.<\/p>\n<p>&nbsp;<\/p>\n<p><strong>Dauer der Speicherung personenbezogener Daten<\/strong><\/p>\n<p>Die Dauer der Speicherung von personenbezogenen Daten bemisst sich an den einschl\u00e4gigen gesetzlichen Aufbewahrungsfristen (z. B. aus dem Handelsrecht und dem Steuerrecht). Nach Ablauf der jeweiligen Frist werden die entsprechenden Daten routinem\u00e4\u00dfig gel\u00f6scht. Sofern Daten zur Vertragserf\u00fcllung oder Vertragsanbahnung erforderlich sind oder unsererseits ein berechtigtes Interesse an der Weiterspeicherung besteht, werden die Daten gel\u00f6scht, wenn Sie zu diesen Zwecken nicht mehr erforderlich sind oder Sie von Ihrem Widerrufs- oder Widerspruchsrecht Gebrauch gemacht machen.<\/p>\n<p>&nbsp;<\/p>\n<p><strong>Ihre Rechte<\/strong><\/p>\n<p>Im Folgenden finden Sie Informationen dazu, welche Betroffenenrechte das geltende Datenschutzrecht Ihnen gegen\u00fcber dem Verantwortlichen hinsichtlich der Verarbeitung Ihrer personenbezogenen Daten gew\u00e4hrt:<\/p>\n<p>Das Recht, gem\u00e4\u00df Art. 15 DSGVO Auskunft \u00fcber Ihre von uns verarbeiteten personenbezogenen Daten zu verlangen.<br \/>\nInsbesondere k\u00f6nnen Sie Auskunft \u00fcber die Verarbeitungszwecke, die Kategorie der personenbezogenen Daten, die Kategorien von Empf\u00e4ngern, gegen\u00fcber denen Ihre Daten offengelegt wurden oder werden, die geplante Speicherdauer, das Bestehen eines Rechts auf Berichtigung, L\u00f6schung, Einschr\u00e4nkung der Verarbeitung oder Widerspruch, das Bestehen eines Beschwerderechts, die Herkunft ihrer Daten, sofern diese nicht bei uns erhoben wurden, sowie \u00fcber das Bestehen einer automatisierten Entscheidungsfindung einschlie\u00dflich Profiling und ggf. aussagekr\u00e4ftigen Informationen zu deren Einzelheiten verlangen.<\/p>\n<p>Das Recht, gem\u00e4\u00df Art. 16 DSGVO unverz\u00fcglich die Berichtigung unrichtiger oder Vervollst\u00e4ndigung Ihrer bei uns gespeicherten personenbezogenen Daten zu verlangen.<\/p>\n<p>Das Recht, gem\u00e4\u00df Art. 17 DSGVO die L\u00f6schung Ihrer bei uns gespeicherten personenbezogenen Daten zu verlangen, soweit nicht die Verarbeitung zur Aus\u00fcbung des Rechts auf freie Meinungs\u00e4u\u00dferung und Information, zur Erf\u00fcllung einer rechtlichen Verpflichtung, aus Gr\u00fcnden des \u00f6ffentlichen Interesses oder zur Geltendmachung, Aus\u00fcbung oder Verteidigung von Rechtsanspr\u00fcchen erforderlich ist.<\/p>\n<p>Das Recht, gem\u00e4\u00df Art. 18 DSGVO die Einschr\u00e4nkung der Verarbeitung Ihrer personenbezogenen Daten zu verlangen, soweit die Richtigkeit der Daten von Ihnen bestritten wird, die Verarbeitung unrechtm\u00e4\u00dfig ist, Sie aber deren L\u00f6schung ablehnen und wir die Daten nicht mehr ben\u00f6tigen, Sie jedoch diese zur Geltendmachung, Aus\u00fcbung oder Verteidigung von Rechtsanspr\u00fcchen ben\u00f6tigen oder Sie gem\u00e4\u00df Art. 21 DSGVO Widerspruch gegen die Verarbeitung eingelegt haben.<\/p>\n<p>Das Recht, gem\u00e4\u00df Art. 20 DSGVO Ihre personenbezogenen Daten, die Sie uns bereitgestellt haben, in einem strukturierten, g\u00e4ngigen und maschinenlesebaren Format zu erhalten oder die \u00dcbermittlung an einen anderen Verantwortlichen zu verlangen.<\/p>\n<p>Das Recht, sich gem\u00e4\u00df Art. 77 DSGVO bei einer Aufsichtsbeh\u00f6rde zu beschweren. In der Regel k\u00f6nnen Sie sich hierf\u00fcr an die Aufsichtsbeh\u00f6rde des Bundeslandes unseres oben angegebenen Sitzes oder ggf. die Ihres \u00fcblichen Aufenthaltsortes oder Arbeitsplatzes wenden.<\/p>\n<p>Recht auf Widerruf erteilter Einwilligungen gem\u00e4\u00df Art. 7 Abs. 3 DSGVO: Sie haben das Recht, eine einmal erteilte Einwilligung in die Verarbeitung von Daten jederzeit mit Wirkung f\u00fcr die Zukunft zu widerrufen. Im Falle des Widerrufs werden wir die betroffenen Daten unverz\u00fcglich l\u00f6schen, sofern eine weitere Verarbeitung nicht auf eine Rechtsgrundlage zur einwilligungslosen Verarbeitung gest\u00fctzt werden kann. Durch den Widerruf der Einwilligung wird die Rechtm\u00e4\u00dfigkeit der aufgrund der Einwilligung bis zum Widerruf erfolgten Verarbeitung nicht ber\u00fchrt.<\/p>\n<p>&nbsp;<\/p>\n<p><strong>Widerspruchsrecht<\/strong><\/p>\n<p>Sofern Ihre personenbezogenen Daten von uns auf Grundlage von berechtigten Interessen gem\u00e4\u00df Art. 6 Abs. 1 S. 1 lit. f DSGVO verarbeitet werden, haben Sie gem\u00e4\u00df Art. 21 DSGVO das Recht, Widerspruch gegen die Verarbeitung Ihrer personenbezogenen Daten einzulegen, soweit dies aus Gr\u00fcnde erfolgt, die sich aus Ihrer besonderen Situation ergeben. Soweit sich der Widerspruch gegen die Verarbeitung personenbezogener Daten zum Zwecke von Direktwerbung richtet, haben Sie ein generelles Widerspruchsrecht ohne das Erfordernis der Angabe einer besonderen Situation. M\u00f6chten Sie von Ihrem Widerrufs- oder Widerspruchsrecht Gebrauch machen, gen\u00fcgt eine E-Mail:<a href=\"mailto:bn-dachau@dachau.net\">bn-dachau@dachau.net<\/a>.<\/p>\n<p>&nbsp;<\/p>\n<p><strong>Externe Verlinkungen<\/strong><\/p>\n<p>Soziale Netzwerke (Facebook, Twitter etc.) sind auf unserer Webseite lediglich als Link zu den entsprechenden Diensten eingebunden. Nach dem Anklicken des eingebundenen Text-\/Bild-Links werden Sie auf die Seite des jeweiligen Anbieters weitergeleitet. Erst nach der Weiterleitung werden Nutzerinformationen an den jeweiligen Anbieter \u00fcbertragen. Informationen zum Umgang mit Ihren personenbezogenen Daten bei Nutzung dieser Webseiten entnehmen Sie bitte den jeweiligen Datenschutzbestimmungen der von Ihnen genutzten Anbieter.<\/p>\n<p>&nbsp;<\/p>\n<p><strong>\u00c4nderungsvorbehalt<\/strong><\/p>\n<p>Wir behalten uns vor, diese Datenschutzerkl\u00e4rung erforderlichenfalls unter Beachtung der geltenden Datenschutzvorschriften anzupassen bzw. zu aktualisieren. Auf diese Weise k\u00f6nnen wir sie den aktuellen rechtlichen Anforderungen anpassen und \u00c4nderungen unserer Leistungen ber\u00fccksichtigen, z. B. bei der Einf\u00fchrung neuer Services. F\u00fcr Ihren Besuch gilt die jeweils aktuellste Fassung.<\/p>\n<p>&nbsp;<\/p>\n<p>Stand dieser Datenschutzerkl\u00e4rung: 07.02.2019<\/p>\n<p>&nbsp;<\/p>\n<\/div>\n<\/div>\n","protected":false},"excerpt":{"rendered":"<p>Datenschutzerkl\u00e4rung f\u00fcr die Homepage des Betreibervereins B\u00fcrgernetz Dachau e.V. \u00a0 Einleitung und allgemeine Angaben Der Schutz Ihrer personenbezogenen Daten bei der Erhebung, Verarbeitung und Nutzung anl\u00e4sslich Ihres Besuchs auf unserer Homepage ist uns ein wichtiges Anliegen .Im Folgenden finden Sie Informationen zum Umgang mit Ihren Daten, die durch Ihre Nutzung unserer Website erfasst werden. Die [&hellip;]<\/p>\n","protected":false},"author":1,"featured_media":0,"parent":2,"menu_order":0,"comment_status":"closed","ping_status":"closed","template":"","meta":{"footnotes":""},"class_list":["post-3","page","type-page","status-publish","hentry"],"_links":{"self":[{"href":"https:\/\/www.dachau.net\/website\/index.php\/wp-json\/wp\/v2\/pages\/3","targetHints":{"allow":["GET"]}}],"collection":[{"href":"https:\/\/www.dachau.net\/website\/index.php\/wp-json\/wp\/v2\/pages"}],"about":[{"href":"https:\/\/www.dachau.net\/website\/index.php\/wp-json\/wp\/v2\/types\/page"}],"author":[{"embeddable":true,"href":"https:\/\/www.dachau.net\/website\/index.php\/wp-json\/wp\/v2\/users\/1"}],"replies":[{"embeddable":true,"href":"https:\/\/www.dachau.net\/website\/index.php\/wp-json\/wp\/v2\/comments?post=3"}],"version-history":[{"count":2,"href":"https:\/\/www.dachau.net\/website\/index.php\/wp-json\/wp\/v2\/pages\/3\/revisions"}],"predecessor-version":[{"id":10,"href":"https:\/\/www.dachau.net\/website\/index.php\/wp-json\/wp\/v2\/pages\/3\/revisions\/10"}],"up":[{"embeddable":true,"href":"https:\/\/www.dachau.net\/website\/index.php\/wp-json\/wp\/v2\/pages\/2"}],"wp:attachment":[{"href":"https:\/\/www.dachau.net\/website\/index.php\/wp-json\/wp\/v2\/media?parent=3"}],"curies":[{"name":"wp","href":"https:\/\/api.w.org\/{rel}","templated":true}]}}